{"id":83,"date":"2023-07-13T08:14:05","date_gmt":"2023-07-13T08:14:05","guid":{"rendered":"https:\/\/www.quirky-babbage.116-202-133-223.plesk.page\/?post_type=product&#038;p=83"},"modified":"2024-09-03T14:28:04","modified_gmt":"2024-09-03T14:28:04","slug":"speedbreak-maeusefalle","status":"publish","type":"product","link":"https:\/\/shop.insekta.ch\/en\/product\/speedbreak-maeusefalle\/","title":{"rendered":"Speed-Break komplett"},"content":{"rendered":"<p>Vom Konzept zur L\u00f6sung<\/p>\n<p>Speed-Break\u00ae von HEISENBERG &#8211; Produkte aus der Praxis f\u00fcr die Praxis<\/p>\n<p>Schlagfallensystem zur schnellen und problemlosen Beseitigung von k\u00f6derscheuen Hausmauspopulationen<br \/>\nBek\u00e4mpfung von Hausm\u00e4usen mit der Vorgabe kadaverfreier Sch\u00e4dlingsbek\u00e4mpfung<br \/>\nbeim Einsatz zum Monitoring kann Speed-Break\u00ae ohne bzw. mit deaktivierten Schlagfallen und wahlweise wirkstofffrei positioniert werden beim Befallsnachweis werden die Fallen erst nachtr\u00e4glich aktiviert fangsichere Methode<br \/>\nSpeed-Break\u00ae erm\u00f6glicht die Betreuung weit entfernter Objekte Neben der neuen Befestigungsschiene Speed-Point, mit welcher die Speed-Break\u00ae einfach an der Wand gesichert werden kann, gibt es noch eine Erweiterung der Speed-Break\u00ae Familie. Die transparente Speed-Break\u00ae clear gibt die M\u00f6glichkeit auf einen Blick zu erkennen, ob die Schlagfallen ausgel\u00f6st haben. Nie mehr auf dem Boden knien und seitlich in die Falle schauen.<\/p>\n","protected":false},"excerpt":{"rendered":"<p>Vom Konzept zur L\u00f6sung Speed-Break\u00ae von HEISENBERG &#8211; Produkte aus der Praxis f\u00fcr die Praxis Schlagfallensystem zur schnellen und problemlosen Beseitigung von k\u00f6derscheuen Hausmauspopulationen Bek\u00e4mpfung von Hausm\u00e4usen mit der Vorgabe kadaverfreier Sch\u00e4dlingsbek\u00e4mpfung beim Einsatz zum Monitoring kann Speed-Break\u00ae ohne bzw. mit deaktivierten Schlagfallen und wahlweise wirkstofffrei positioniert werden beim Befallsnachweis werden die Fallen erst nachtr\u00e4glich [&hellip;]<\/p>\n","protected":false},"featured_media":67,"template":"","meta":[],"product_brand":[],"product_cat":[34],"product_tag":[],"class_list":{"0":"post-83","1":"product","2":"type-product","3":"status-publish","4":"has-post-thumbnail","6":"product_cat-nicht-kategorisiert","8":"first","9":"instock","10":"taxable","11":"shipping-taxable","12":"purchasable","13":"product-type-simple"},"_links":{"self":[{"href":"https:\/\/shop.insekta.ch\/en\/wp-json\/wp\/v2\/product\/83","targetHints":{"allow":["GET"]}}],"collection":[{"href":"https:\/\/shop.insekta.ch\/en\/wp-json\/wp\/v2\/product"}],"about":[{"href":"https:\/\/shop.insekta.ch\/en\/wp-json\/wp\/v2\/types\/product"}],"wp:featuredmedia":[{"embeddable":true,"href":"https:\/\/shop.insekta.ch\/en\/wp-json\/wp\/v2\/media\/67"}],"wp:attachment":[{"href":"https:\/\/shop.insekta.ch\/en\/wp-json\/wp\/v2\/media?parent=83"}],"wp:term":[{"taxonomy":"product_brand","embeddable":true,"href":"https:\/\/shop.insekta.ch\/en\/wp-json\/wp\/v2\/product_brand?post=83"},{"taxonomy":"product_cat","embeddable":true,"href":"https:\/\/shop.insekta.ch\/en\/wp-json\/wp\/v2\/product_cat?post=83"},{"taxonomy":"product_tag","embeddable":true,"href":"https:\/\/shop.insekta.ch\/en\/wp-json\/wp\/v2\/product_tag?post=83"}],"curies":[{"name":"wp","href":"https:\/\/api.w.org\/{rel}","templated":true}]}}