{"id":82,"date":"2023-07-13T08:13:30","date_gmt":"2023-07-13T08:13:30","guid":{"rendered":"https:\/\/www.quirky-babbage.116-202-133-223.plesk.page\/?post_type=product&#038;p=82"},"modified":"2025-04-16T07:34:26","modified_gmt":"2025-04-16T07:34:26","slug":"superexpel","status":"publish","type":"product","link":"https:\/\/shop.insekta.ch\/en\/product\/superexpel\/","title":{"rendered":"Super Expel &#8211; Vergr\u00e4mungsmittel 1 Kg Eimer"},"content":{"rendered":"<p><strong>Wirkungsweise von Super Expel<\/strong><\/p>\n<p>Die Wirkungsweise besteht aus 2 Wirkungsmechanismen:<\/p>\n<ul>\n<li>Geruch<\/li>\n<li>Kontakt<\/li>\n<\/ul>\n<p>&nbsp;<\/p>\n<p>Nach der Anbringung verstr\u00f6mt das Repellent einen f\u00fcr Wirbeltiere unangenehmen Geruch, den der Mensch mentholartig einstuft. Dieser Geruch ist nach einigen Tagen f\u00fcr den Menschen nicht mehr zu riechen, f\u00fcr das Tier jedoch immer noch wahrnehmbar.<\/p>\n<p>Das Tier l\u00e4uft durch das gro\u00dffl\u00e4chig angebrachte Pulver, das im Fell und an den Pfoten h\u00e4ngen bleibt. Beim Putzvorgang des Tieres kommt das Pulver mit den Schleimh\u00e4uten in Ber\u00fchrung, und verursacht ein sehr unangenehmes Gef\u00fchl, das bei jedem weiteren Kontakt erneut hervorgerufen wird. Das Tier verbindet dieses unangenehme Gef\u00fchl und den Geruch mit dem Ort, verl\u00e4sst diesen und meidet ihn zuk\u00fcnftig.<\/p>\n<p>Da die Wirkstoffe im Pulver eingeschlossen sind, und erst durch Verbindung mit Feuchtigkeit (Schleimh\u00e4ute) aktiviert werden, ist das Pr\u00e4parat sehr langlebig und \u00fcber lange Zeitr\u00e4ume wirkungsvoll.<\/p>\n<p><strong>Anwendung von Super Expel<\/strong><\/p>\n<p>Auf offenen Fl\u00e4chen wie z. Bsp. Dachb\u00f6den kann das Pulver manuell verstreut werden. Allerdings wird eine Anbringung mit einem Pulverzerst\u00e4uber empfohlen. In Hohlraumbereichen sowie an schwer zug\u00e4nglichen Stellen wird dringend empfohlen mit einem Pulverzerst\u00e4uber zu arbeiten, um zu gew\u00e4hrleisten, dass das Pr\u00e4parat in s\u00e4mtliche Bereiche eindringt, und gro\u00dffl\u00e4chig verteilt wird. F\u00fcr kleinere Bereiche kann auch mit einem Gaspot gearbeitet werden.<\/p>\n<p><strong>Bitte beachten!<\/strong><\/p>\n<p>Beim Verdacht auf Anwesenheit von Flederm\u00e4usen darf das Produkt nicht angewendet werden. Bitte melden Sie sich bei einem Problem mit Flederm\u00e4usen umgehend bei der Stiftung Fledermausschutz (fledermaus@zoo.ch oder Fledermausschutz-Nottelefon 0793306060).<\/p>\n<p>Mehr Informationen unter https:\/\/www.fledermausschutz.ch<\/p>\n<p><strong>M\u00f6gliche Anwendungen \/ Anwendung unserer Sch\u00e4dlingsbek\u00e4mpfer:<\/strong><\/p>\n<p>manuell durch streuen<\/p>\n<p>Gaspot \/ CO2<\/p>\n<p>Bsp. Birchmeier DR5 Duster Pulverzerst\u00e4uber in Kombination mit einem Kompressor<\/p>\n<p>&nbsp;<\/p>\n","protected":false},"excerpt":{"rendered":"<p>1 Kg Super Expel Puder<br \/>\n1 x Schutzhandschuhe<br \/>\n1 x Mundschutz<\/p>\n<p>1 Kg ist ausreichend f\u00fcr ca. 20m\u00b2<\/p>\n","protected":false},"featured_media":69,"template":"","meta":[],"product_brand":[],"product_cat":[34],"product_tag":[],"class_list":{"0":"post-82","1":"product","2":"type-product","3":"status-publish","4":"has-post-thumbnail","6":"product_cat-nicht-kategorisiert","8":"first","9":"instock","10":"taxable","11":"shipping-taxable","12":"purchasable","13":"product-type-simple"},"_links":{"self":[{"href":"https:\/\/shop.insekta.ch\/en\/wp-json\/wp\/v2\/product\/82","targetHints":{"allow":["GET"]}}],"collection":[{"href":"https:\/\/shop.insekta.ch\/en\/wp-json\/wp\/v2\/product"}],"about":[{"href":"https:\/\/shop.insekta.ch\/en\/wp-json\/wp\/v2\/types\/product"}],"wp:featuredmedia":[{"embeddable":true,"href":"https:\/\/shop.insekta.ch\/en\/wp-json\/wp\/v2\/media\/69"}],"wp:attachment":[{"href":"https:\/\/shop.insekta.ch\/en\/wp-json\/wp\/v2\/media?parent=82"}],"wp:term":[{"taxonomy":"product_brand","embeddable":true,"href":"https:\/\/shop.insekta.ch\/en\/wp-json\/wp\/v2\/product_brand?post=82"},{"taxonomy":"product_cat","embeddable":true,"href":"https:\/\/shop.insekta.ch\/en\/wp-json\/wp\/v2\/product_cat?post=82"},{"taxonomy":"product_tag","embeddable":true,"href":"https:\/\/shop.insekta.ch\/en\/wp-json\/wp\/v2\/product_tag?post=82"}],"curies":[{"name":"wp","href":"https:\/\/api.w.org\/{rel}","templated":true}]}}