{"id":80,"date":"2023-07-13T08:12:08","date_gmt":"2023-07-13T08:12:08","guid":{"rendered":"https:\/\/www.quirky-babbage.116-202-133-223.plesk.page\/?post_type=product&#038;p=80"},"modified":"2024-09-03T14:30:09","modified_gmt":"2024-09-03T14:30:09","slug":"heat-it-android","status":"publish","type":"product","link":"https:\/\/shop.insekta.ch\/en\/product\/heat-it-android\/","title":{"rendered":"heat it\u00ae f\u00fcr Android"},"content":{"rendered":"<p>SCHLUSS MIT JUCKENDEN INSEKTENSTICHEN!<\/p>\n<p>In 3 Schritten zum Ergebnis<br \/>\nBehandle Stiche innerhalb weniger Augenblicke mit deinem Smartphone. Einfach heat it\u00ae in den Ladeanschluss einstecken und die dazugeh\u00f6rige App \u00f6ffnet sich. Bei Bedarf kannst du nun die Behandlung individualisieren. Nach kurzem Aufheizen wird die Kontaktfl\u00e4che des heat it\u00ae auf den Stich aufgelegt.\u00a0Je nach Einstellung in der App dauert die Behandlung 4, 7 oder 9 Sekunden und erreicht eine Temperatur zwischen 47 und 52 \u00b0C. Die App gibt dir R\u00fcckmeldung, sobald die Behandlung erfolgreich abgeschlossen ist.<\/p>\n","protected":false},"excerpt":{"rendered":"<p>SCHLUSS MIT JUCKENDEN INSEKTENSTICHEN! In 3 Schritten zum Ergebnis Behandle Stiche innerhalb weniger Augenblicke mit deinem Smartphone. Einfach heat it\u00ae in den Ladeanschluss einstecken und die dazugeh\u00f6rige App \u00f6ffnet sich. Bei Bedarf kannst du nun die Behandlung individualisieren. Nach kurzem Aufheizen wird die Kontaktfl\u00e4che des heat it\u00ae auf den Stich aufgelegt.\u00a0Je nach Einstellung in der [&hellip;]<\/p>\n","protected":false},"featured_media":78,"template":"","meta":[],"product_brand":[],"product_cat":[34],"product_tag":[],"class_list":{"0":"post-80","1":"product","2":"type-product","3":"status-publish","4":"has-post-thumbnail","6":"product_cat-nicht-kategorisiert","8":"first","9":"instock","10":"taxable","11":"shipping-taxable","12":"purchasable","13":"product-type-simple"},"_links":{"self":[{"href":"https:\/\/shop.insekta.ch\/en\/wp-json\/wp\/v2\/product\/80","targetHints":{"allow":["GET"]}}],"collection":[{"href":"https:\/\/shop.insekta.ch\/en\/wp-json\/wp\/v2\/product"}],"about":[{"href":"https:\/\/shop.insekta.ch\/en\/wp-json\/wp\/v2\/types\/product"}],"wp:featuredmedia":[{"embeddable":true,"href":"https:\/\/shop.insekta.ch\/en\/wp-json\/wp\/v2\/media\/78"}],"wp:attachment":[{"href":"https:\/\/shop.insekta.ch\/en\/wp-json\/wp\/v2\/media?parent=80"}],"wp:term":[{"taxonomy":"product_brand","embeddable":true,"href":"https:\/\/shop.insekta.ch\/en\/wp-json\/wp\/v2\/product_brand?post=80"},{"taxonomy":"product_cat","embeddable":true,"href":"https:\/\/shop.insekta.ch\/en\/wp-json\/wp\/v2\/product_cat?post=80"},{"taxonomy":"product_tag","embeddable":true,"href":"https:\/\/shop.insekta.ch\/en\/wp-json\/wp\/v2\/product_tag?post=80"}],"curies":[{"name":"wp","href":"https:\/\/api.w.org\/{rel}","templated":true}]}}