{"id":61,"date":"2023-07-13T07:01:17","date_gmt":"2023-07-13T07:01:17","guid":{"rendered":"https:\/\/www.quirky-babbage.116-202-133-223.plesk.page\/?post_type=product&#038;p=61"},"modified":"2024-09-03T14:30:41","modified_gmt":"2024-09-03T14:30:41","slug":"ameisenkoder-dosen","status":"publish","type":"product","link":"https:\/\/shop.insekta.ch\/en\/product\/ameisenkoder-dosen\/","title":{"rendered":"Ameisenk\u00f6derdosen mit integriertem K\u00f6der"},"content":{"rendered":"<p>Die Ameisenk\u00f6derdose von Killgerm ist ideal f\u00fcr den professionellen Einsatz im Haus, auf der Terrasse und dem Balkon. Die Dose enth\u00e4lt eine hochattraktive K\u00f6dermischung auf Honigbasis, die von Ameisen gerne aufgenommen wird. Die Ameisen nehmen den K\u00f6der mit ins Nest und f\u00fcttern damit die Larven.<\/p>\n<p>\u00d8 ca. 76 mm<\/p>\n<p>CHZN0918<\/p>\n<p>Permethrin 5g\/kg<\/p>\n<p>Tetramethrin 0,83g\/kg<\/p>\n","protected":false},"excerpt":{"rendered":"<p>Die Ameisenk\u00f6derdose von Killgerm ist ideal f\u00fcr den professionellen Einsatz im Haus, auf der Terrasse und dem Balkon. Die Dose enth\u00e4lt eine hochattraktive K\u00f6dermischung auf Honigbasis, die von Ameisen gerne aufgenommen wird. Die Ameisen nehmen den K\u00f6der mit ins Nest und f\u00fcttern damit die Larven. \u00d8 ca. 76 mm CHZN0918 Permethrin 5g\/kg Tetramethrin 0,83g\/kg<\/p>\n","protected":false},"featured_media":73,"template":"","meta":[],"product_brand":[],"product_cat":[34],"product_tag":[],"class_list":{"0":"post-61","1":"product","2":"type-product","3":"status-publish","4":"has-post-thumbnail","6":"product_cat-nicht-kategorisiert","8":"first","9":"instock","10":"taxable","11":"shipping-taxable","12":"purchasable","13":"product-type-simple"},"_links":{"self":[{"href":"https:\/\/shop.insekta.ch\/en\/wp-json\/wp\/v2\/product\/61","targetHints":{"allow":["GET"]}}],"collection":[{"href":"https:\/\/shop.insekta.ch\/en\/wp-json\/wp\/v2\/product"}],"about":[{"href":"https:\/\/shop.insekta.ch\/en\/wp-json\/wp\/v2\/types\/product"}],"wp:featuredmedia":[{"embeddable":true,"href":"https:\/\/shop.insekta.ch\/en\/wp-json\/wp\/v2\/media\/73"}],"wp:attachment":[{"href":"https:\/\/shop.insekta.ch\/en\/wp-json\/wp\/v2\/media?parent=61"}],"wp:term":[{"taxonomy":"product_brand","embeddable":true,"href":"https:\/\/shop.insekta.ch\/en\/wp-json\/wp\/v2\/product_brand?post=61"},{"taxonomy":"product_cat","embeddable":true,"href":"https:\/\/shop.insekta.ch\/en\/wp-json\/wp\/v2\/product_cat?post=61"},{"taxonomy":"product_tag","embeddable":true,"href":"https:\/\/shop.insekta.ch\/en\/wp-json\/wp\/v2\/product_tag?post=61"}],"curies":[{"name":"wp","href":"https:\/\/api.w.org\/{rel}","templated":true}]}}