{"id":167,"date":"2024-08-13T06:34:01","date_gmt":"2024-08-13T06:34:01","guid":{"rendered":"https:\/\/shop.insekta.ch\/?post_type=product&#038;p=167"},"modified":"2024-09-03T14:29:20","modified_gmt":"2024-09-03T14:29:20","slug":"heat-it-pro-insektenstichheiler-fuer-iphone-und-android-usb-c","status":"publish","type":"product","link":"https:\/\/shop.insekta.ch\/en\/product\/heat-it-pro-insektenstichheiler-fuer-iphone-und-android-usb-c\/","title":{"rendered":"heat it\u00ae Pro Insektenstichheiler f\u00fcr iPhone und Android USB-C"},"content":{"rendered":"<p>STICHHEILER &#8211; Behandle juckende Stiche einfach mit deinem Smartphone! Zur Linderung von Juckreiz &amp; Schmerz bei Bienen-, Wespen-, Bremsen und M\u00fcckenstichen.<br \/>\nW\u00c4RMEBEHANDLUNG &#8211; Das chemiefreie Wirkprinzip nur mit konzentrierter W\u00e4rme (ca. 51 \u00b0C) ist medizinisch best\u00e4tigt. Damit kannst du Insektenstiche zuverl\u00e4ssig &amp; unkompliziert behandeln.<br \/>\nF\u00dcR DIE GANZE FAMILIE &#8211; Via App kannst du die Behandlung individuell auf dein Empfinden abstimmen. Daher ist heat it auch f\u00fcr empfindliche Haut und Kinder ab 3 Jahren geeignet. (Eigenanwendung 12 J.)<br \/>\nIMMER DABEI &#8211; heat it ist dein idealer Begleiter im Alltag, auf Reisen und beim Sport. Durch das kompakte Design hast du ihn immer am Schl\u00fcsselbund dabei und bist gegen juckende Stiche gewappnet.<br \/>\nMADE IN GERMANY &#8211; Unser Hitzestift kommt ohne eigene Batterien aus. So kannst du von einem innovativen Produkt ohne Folgekosten profitieren. Pro Handyladung sind bis zu 1.000 Anwendungen m\u00f6glich.<\/p>\n","protected":false},"excerpt":{"rendered":"<p>STICHHEILER &#8211; Behandle juckende Stiche einfach mit deinem Smartphone! Zur Linderung von Juckreiz &amp; Schmerz bei Bienen-, Wespen-, Bremsen und M\u00fcckenstichen. W\u00c4RMEBEHANDLUNG &#8211; Das chemiefreie Wirkprinzip nur mit konzentrierter W\u00e4rme (ca. 51 \u00b0C) ist medizinisch best\u00e4tigt. Damit kannst du Insektenstiche zuverl\u00e4ssig &amp; unkompliziert behandeln. F\u00dcR DIE GANZE FAMILIE &#8211; Via App kannst du die Behandlung [&hellip;]<\/p>\n","protected":false},"featured_media":168,"template":"","meta":[],"product_brand":[],"product_cat":[34],"product_tag":[],"class_list":{"0":"post-167","1":"product","2":"type-product","3":"status-publish","4":"has-post-thumbnail","6":"product_cat-nicht-kategorisiert","8":"first","9":"instock","10":"taxable","11":"shipping-taxable","12":"purchasable","13":"product-type-simple"},"_links":{"self":[{"href":"https:\/\/shop.insekta.ch\/en\/wp-json\/wp\/v2\/product\/167","targetHints":{"allow":["GET"]}}],"collection":[{"href":"https:\/\/shop.insekta.ch\/en\/wp-json\/wp\/v2\/product"}],"about":[{"href":"https:\/\/shop.insekta.ch\/en\/wp-json\/wp\/v2\/types\/product"}],"wp:featuredmedia":[{"embeddable":true,"href":"https:\/\/shop.insekta.ch\/en\/wp-json\/wp\/v2\/media\/168"}],"wp:attachment":[{"href":"https:\/\/shop.insekta.ch\/en\/wp-json\/wp\/v2\/media?parent=167"}],"wp:term":[{"taxonomy":"product_brand","embeddable":true,"href":"https:\/\/shop.insekta.ch\/en\/wp-json\/wp\/v2\/product_brand?post=167"},{"taxonomy":"product_cat","embeddable":true,"href":"https:\/\/shop.insekta.ch\/en\/wp-json\/wp\/v2\/product_cat?post=167"},{"taxonomy":"product_tag","embeddable":true,"href":"https:\/\/shop.insekta.ch\/en\/wp-json\/wp\/v2\/product_tag?post=167"}],"curies":[{"name":"wp","href":"https:\/\/api.w.org\/{rel}","templated":true}]}}